{"id":16,"date":"2023-01-21T22:02:29","date_gmt":"2023-01-21T22:02:29","guid":{"rendered":"https:\/\/veeb3i.translationco.eu\/?page_id=16"},"modified":"2023-01-22T12:51:39","modified_gmt":"2023-01-22T12:51:39","slug":"esileht","status":"publish","type":"page","link":"https:\/\/veeb3i.translationco.eu\/","title":{"rendered":"Esileht"},"content":{"rendered":"\t\t<div data-elementor-type=\"wp-page\" data-elementor-id=\"16\" class=\"elementor elementor-16\">\n\t\t\t\t\t\t\t\t\t<section class=\"elementor-section elementor-top-section elementor-element elementor-element-65b2c8d8 elementor-section-boxed elementor-section-height-default elementor-section-height-default\" data-id=\"65b2c8d8\" data-element_type=\"section\">\n\t\t\t\t\t\t<div class=\"elementor-container elementor-column-gap-default\">\n\t\t\t\t\t<div class=\"elementor-column elementor-col-100 elementor-top-column elementor-element elementor-element-557e0e9e\" data-id=\"557e0e9e\" data-element_type=\"column\">\n\t\t\t<div class=\"elementor-widget-wrap elementor-element-populated\">\n\t\t\t\t\t\t\t\t<div class=\"elementor-element elementor-element-5e2f6ee3 elementor-widget elementor-widget-text-editor\" data-id=\"5e2f6ee3\" data-element_type=\"widget\" data-widget_type=\"text-editor.default\">\n\t\t\t\t<div class=\"elementor-widget-container\">\n\t\t\t<style>\/*! elementor - v3.10.1 - 17-01-2023 *\/\n.elementor-widget-text-editor.elementor-drop-cap-view-stacked .elementor-drop-cap{background-color:#818a91;color:#fff}.elementor-widget-text-editor.elementor-drop-cap-view-framed .elementor-drop-cap{color:#818a91;border:3px solid;background-color:transparent}.elementor-widget-text-editor:not(.elementor-drop-cap-view-default) .elementor-drop-cap{margin-top:8px}.elementor-widget-text-editor:not(.elementor-drop-cap-view-default) .elementor-drop-cap-letter{width:1em;height:1em}.elementor-widget-text-editor .elementor-drop-cap{float:left;text-align:center;line-height:1;font-size:50px}.elementor-widget-text-editor .elementor-drop-cap-letter{display:inline-block}<\/style>\t\t\t\t<!-- wp:paragraph -->\n<p>\u00fc\u00fc<\/p>\n<!-- \/wp:paragraph -->\t\t\t\t\t\t<\/div>\n\t\t\t\t<\/div>\n\t\t\t\t\t<\/div>\n\t\t<\/div>\n\t\t\t\t\t\t\t<\/div>\n\t\t<\/section>\n\t\t\t\t<section class=\"elementor-section elementor-top-section elementor-element elementor-element-6b10d59 elementor-section-boxed elementor-section-height-default elementor-section-height-default\" data-id=\"6b10d59\" data-element_type=\"section\">\n\t\t\t\t\t\t<div class=\"elementor-container elementor-column-gap-default\">\n\t\t\t\t\t<div class=\"elementor-column elementor-col-33 elementor-top-column elementor-element elementor-element-f166b56\" data-id=\"f166b56\" data-element_type=\"column\">\n\t\t\t<div class=\"elementor-widget-wrap elementor-element-populated\">\n\t\t\t\t\t\t\t\t<div class=\"elementor-element elementor-element-cf8f7cb elementor-widget elementor-widget-heading\" data-id=\"cf8f7cb\" data-element_type=\"widget\" data-widget_type=\"heading.default\">\n\t\t\t\t<div class=\"elementor-widget-container\">\n\t\t\t<style>\/*! elementor - v3.10.1 - 17-01-2023 *\/\n.elementor-heading-title{padding:0;margin:0;line-height:1}.elementor-widget-heading .elementor-heading-title[class*=elementor-size-]>a{color:inherit;font-size:inherit;line-height:inherit}.elementor-widget-heading .elementor-heading-title.elementor-size-small{font-size:15px}.elementor-widget-heading .elementor-heading-title.elementor-size-medium{font-size:19px}.elementor-widget-heading .elementor-heading-title.elementor-size-large{font-size:29px}.elementor-widget-heading .elementor-heading-title.elementor-size-xl{font-size:39px}.elementor-widget-heading .elementor-heading-title.elementor-size-xxl{font-size:59px}<\/style><h2 class=\"elementor-heading-title elementor-size-default\">T\u00fc\u00fc<\/h2>\t\t<\/div>\n\t\t\t\t<\/div>\n\t\t\t\t<div class=\"elementor-element elementor-element-1b6ca50 elementor-widget elementor-widget-image\" data-id=\"1b6ca50\" data-element_type=\"widget\" data-widget_type=\"image.default\">\n\t\t\t\t<div class=\"elementor-widget-container\">\n\t\t\t<style>\/*! elementor - v3.10.1 - 17-01-2023 *\/\n.elementor-widget-image{text-align:center}.elementor-widget-image a{display:inline-block}.elementor-widget-image a img[src$=\".svg\"]{width:48px}.elementor-widget-image img{vertical-align:middle;display:inline-block}<\/style>\t\t\t\t\t\t\t\t\t\t\t\t<img loading=\"lazy\" decoding=\"async\" width=\"150\" height=\"150\" src=\"https:\/\/veeb3i.translationco.eu\/wp-content\/uploads\/2023\/01\/19-150x150.png\" class=\"attachment-thumbnail size-thumbnail wp-image-39\" alt=\"\" srcset=\"https:\/\/veeb3i.translationco.eu\/wp-content\/uploads\/2023\/01\/19-150x150.png 150w, https:\/\/veeb3i.translationco.eu\/wp-content\/uploads\/2023\/01\/19-300x300.png 300w, https:\/\/veeb3i.translationco.eu\/wp-content\/uploads\/2023\/01\/19-1024x1024.png 1024w, https:\/\/veeb3i.translationco.eu\/wp-content\/uploads\/2023\/01\/19-768x768.png 768w, https:\/\/veeb3i.translationco.eu\/wp-content\/uploads\/2023\/01\/19-1536x1536.png 1536w, https:\/\/veeb3i.translationco.eu\/wp-content\/uploads\/2023\/01\/19-2048x2048.png 2048w\" sizes=\"auto, (max-width: 150px) 100vw, 150px\" \/>\t\t\t\t\t\t\t\t\t\t\t\t\t\t\t<\/div>\n\t\t\t\t<\/div>\n\t\t\t\t<div class=\"elementor-element elementor-element-55462d2 elementor-widget elementor-widget-text-editor\" data-id=\"55462d2\" data-element_type=\"widget\" data-widget_type=\"text-editor.default\">\n\t\t\t\t<div class=\"elementor-widget-container\">\n\t\t\t\t\t\t\t<p>kda\u00f6lskd\u00f6oeipq<\/p>\n<p>\u00a0<\/p>\n<p>c\u00f5\u00e4\u00f5\u00e4\u00f5z\u00f6\u00e4-&#8216;\u00f5\u00f5&#8217;\u00f5&#8217;\u00e4\u00f5\u00e4&#8217;\u00f5\u00e4\u00e4\u00f6&#8211;.\u00fc\u00f5\u00fcp\u00fco\u00fcpdof\u00fcdjflkDJFKJDKJdjfyleioudfk\u00f6lfkds\u00f6lfkpoewrwek\u00f6lfkds<\/p>\t\t\t\t\t\t<\/div>\n\t\t\t\t<\/div>\n\t\t\t\t\t<\/div>\n\t\t<\/div>\n\t\t\t\t<div class=\"elementor-column elementor-col-33 elementor-top-column elementor-element elementor-element-221c3c9\" data-id=\"221c3c9\" data-element_type=\"column\">\n\t\t\t<div class=\"elementor-widget-wrap\">\n\t\t\t\t\t\t\t\t\t<\/div>\n\t\t<\/div>\n\t\t\t\t<div class=\"elementor-column elementor-col-33 elementor-top-column elementor-element elementor-element-7b83181\" data-id=\"7b83181\" data-element_type=\"column\">\n\t\t\t<div class=\"elementor-widget-wrap\">\n\t\t\t\t\t\t\t\t\t<\/div>\n\t\t<\/div>\n\t\t\t\t\t\t\t<\/div>\n\t\t<\/section>\n\t\t\t\t\t\t\t<\/div>\n\t\t","protected":false},"excerpt":{"rendered":"<p>\u00fc\u00fc T\u00fc\u00fc kda\u00f6lskd\u00f6oeipq \u00a0 c\u00f5\u00e4\u00f5\u00e4\u00f5z\u00f6\u00e4-&#8216;\u00f5\u00f5&#8217;\u00f5&#8217;\u00e4\u00f5\u00e4&#8217;\u00f5\u00e4\u00e4\u00f6&#8211;.\u00fc\u00f5\u00fcp\u00fco\u00fcpdof\u00fcdjflkDJFKJDKJdjfyleioudfk\u00f6lfkds\u00f6lfkpoewrwek\u00f6lfkds<\/p>\n","protected":false},"author":2,"featured_media":0,"parent":0,"menu_order":0,"comment_status":"closed","ping_status":"closed","template":"","meta":{"site-sidebar-layout":"default","site-content-layout":"default","ast-global-header-display":"","ast-main-header-display":"","ast-hfb-above-header-display":"","ast-hfb-below-header-display":"","ast-hfb-mobile-header-display":"","site-post-title":"","ast-breadcrumbs-content":"","ast-featured-img":"","footer-sml-layout":"","theme-transparent-header-meta":"","adv-header-id-meta":"","stick-header-meta":"","header-above-stick-meta":"","header-main-stick-meta":"","header-below-stick-meta":"","footnotes":""},"class_list":["post-16","page","type-page","status-publish","hentry"],"_links":{"self":[{"href":"https:\/\/veeb3i.translationco.eu\/index.php?rest_route=\/wp\/v2\/pages\/16","targetHints":{"allow":["GET"]}}],"collection":[{"href":"https:\/\/veeb3i.translationco.eu\/index.php?rest_route=\/wp\/v2\/pages"}],"about":[{"href":"https:\/\/veeb3i.translationco.eu\/index.php?rest_route=\/wp\/v2\/types\/page"}],"author":[{"embeddable":true,"href":"https:\/\/veeb3i.translationco.eu\/index.php?rest_route=\/wp\/v2\/users\/2"}],"replies":[{"embeddable":true,"href":"https:\/\/veeb3i.translationco.eu\/index.php?rest_route=%2Fwp%2Fv2%2Fcomments&post=16"}],"version-history":[{"count":17,"href":"https:\/\/veeb3i.translationco.eu\/index.php?rest_route=\/wp\/v2\/pages\/16\/revisions"}],"predecessor-version":[{"id":48,"href":"https:\/\/veeb3i.translationco.eu\/index.php?rest_route=\/wp\/v2\/pages\/16\/revisions\/48"}],"wp:attachment":[{"href":"https:\/\/veeb3i.translationco.eu\/index.php?rest_route=%2Fwp%2Fv2%2Fmedia&parent=16"}],"curies":[{"name":"wp","href":"https:\/\/api.w.org\/{rel}","templated":true}]}}